{"id":533,"date":"2016-06-09T10:04:58","date_gmt":"2016-06-09T10:04:58","guid":{"rendered":"https:\/\/hotelmedit.it\/fr\/hotel\/giardino\/"},"modified":"2024-01-12T15:24:18","modified_gmt":"2024-01-12T15:24:18","slug":"jardin","status":"publish","type":"page","link":"https:\/\/hotelmedit.it\/fr\/hotel\/jardin\/","title":{"rendered":"Le jardin et le solarium"},"content":{"rendered":"","protected":false},"excerpt":{"rendered":"","protected":false},"author":4,"featured_media":0,"parent":531,"menu_order":0,"comment_status":"closed","ping_status":"closed","template":"","meta":{"footnotes":""},"class_list":["post-533","page","type-page","status-publish","hentry"],"yoast_head":"<!-- This site is optimized with the Yoast SEO plugin v26.5 - https:\/\/yoast.com\/wordpress\/plugins\/seo\/ -->\n<title>Le jardin et le solarium - Hotel Mediterraneo<\/title>\n<meta name=\"description\" content=\"Le jardin, entour\u00e9 d&#039;oliviers, est l&#039;endroit id\u00e9al pour se d\u00e9tendre dans un bain et l&#039;autre, sous l&#039;ombre agr\u00e9able du poivre.\" \/>\n<meta name=\"robots\" content=\"index, follow, max-snippet:-1, max-image-preview:large, max-video-preview:-1\" \/>\n<link rel=\"canonical\" href=\"https:\/\/hotelmedit.it\/fr\/hotel\/jardin\/\" \/>\n<meta property=\"og:locale\" content=\"fr_FR\" \/>\n<meta property=\"og:type\" content=\"article\" \/>\n<meta property=\"og:title\" content=\"Le jardin et le solarium - Hotel Mediterraneo\" \/>\n<meta property=\"og:description\" content=\"Le jardin, entour\u00e9 d&#039;oliviers, est l&#039;endroit id\u00e9al pour se d\u00e9tendre dans un bain et l&#039;autre, sous l&#039;ombre agr\u00e9able du poivre.\" \/>\n<meta property=\"og:url\" content=\"https:\/\/hotelmedit.it\/fr\/hotel\/jardin\/\" \/>\n<meta property=\"og:site_name\" content=\"Hotel Mediterraneo\" \/>\n<meta property=\"article:publisher\" content=\"https:\/\/www.facebook.com\/hotelmediterraneolaigueglia\/\" \/>\n<meta property=\"article:modified_time\" content=\"2024-01-12T15:24:18+00:00\" \/>\n<meta property=\"og:image\" content=\"https:\/\/hotelmedit.it\/wp-content\/uploads\/2016\/05\/Terrazza-39.jpg\" \/>\n\t<meta property=\"og:image:width\" content=\"1920\" \/>\n\t<meta property=\"og:image:height\" content=\"1280\" \/>\n\t<meta property=\"og:image:type\" content=\"image\/jpeg\" \/>\n<meta name=\"twitter:card\" content=\"summary_large_image\" \/>\n<script type=\"application\/ld+json\" class=\"yoast-schema-graph\">{\"@context\":\"https:\/\/schema.org\",\"@graph\":[{\"@type\":\"WebPage\",\"@id\":\"https:\/\/hotelmedit.it\/fr\/hotel\/jardin\/\",\"url\":\"https:\/\/hotelmedit.it\/fr\/hotel\/jardin\/\",\"name\":\"Le jardin et le solarium - Hotel Mediterraneo\",\"isPartOf\":{\"@id\":\"https:\/\/hotelmedit.it\/#website\"},\"datePublished\":\"2016-06-09T10:04:58+00:00\",\"dateModified\":\"2024-01-12T15:24:18+00:00\",\"description\":\"Le jardin, entour\u00e9 d'oliviers, est l'endroit id\u00e9al pour se d\u00e9tendre dans un bain et l'autre, sous l'ombre agr\u00e9able du poivre.\",\"breadcrumb\":{\"@id\":\"https:\/\/hotelmedit.it\/fr\/hotel\/jardin\/#breadcrumb\"},\"inLanguage\":\"fr-FR\",\"potentialAction\":[{\"@type\":\"ReadAction\",\"target\":[\"https:\/\/hotelmedit.it\/fr\/hotel\/jardin\/\"]}]},{\"@type\":\"BreadcrumbList\",\"@id\":\"https:\/\/hotelmedit.it\/fr\/hotel\/jardin\/#breadcrumb\",\"itemListElement\":[{\"@type\":\"ListItem\",\"position\":1,\"name\":\"Home\",\"item\":\"https:\/\/hotelmedit.it\/fr\/\"},{\"@type\":\"ListItem\",\"position\":2,\"name\":\"H\u00f4tel\",\"item\":\"https:\/\/hotelmedit.it\/fr\/hotel\/\"},{\"@type\":\"ListItem\",\"position\":3,\"name\":\"Le jardin et le solarium\"}]},{\"@type\":\"WebSite\",\"@id\":\"https:\/\/hotelmedit.it\/#website\",\"url\":\"https:\/\/hotelmedit.it\/\",\"name\":\"Hotel Mediterraneo\",\"description\":\"Hotel Mediterraneo Laigueglia\",\"publisher\":{\"@id\":\"https:\/\/hotelmedit.it\/#organization\"},\"potentialAction\":[{\"@type\":\"SearchAction\",\"target\":{\"@type\":\"EntryPoint\",\"urlTemplate\":\"https:\/\/hotelmedit.it\/?s={search_term_string}\"},\"query-input\":{\"@type\":\"PropertyValueSpecification\",\"valueRequired\":true,\"valueName\":\"search_term_string\"}}],\"inLanguage\":\"fr-FR\"},{\"@type\":\"Organization\",\"@id\":\"https:\/\/hotelmedit.it\/#organization\",\"name\":\"Hotel Mediterraneo\",\"url\":\"https:\/\/hotelmedit.it\/\",\"logo\":{\"@type\":\"ImageObject\",\"inLanguage\":\"fr-FR\",\"@id\":\"https:\/\/hotelmedit.it\/#\/schema\/logo\/image\/\",\"url\":\"https:\/\/hotelmedit.it\/wp-content\/uploads\/2016\/06\/mediterraneo_logo-bandiera.png\",\"contentUrl\":\"https:\/\/hotelmedit.it\/wp-content\/uploads\/2016\/06\/mediterraneo_logo-bandiera.png\",\"width\":410,\"height\":315,\"caption\":\"Hotel Mediterraneo\"},\"image\":{\"@id\":\"https:\/\/hotelmedit.it\/#\/schema\/logo\/image\/\"},\"sameAs\":[\"https:\/\/www.facebook.com\/hotelmediterraneolaigueglia\/\"]}]}<\/script>\n<!-- \/ Yoast SEO plugin. -->","yoast_head_json":{"title":"Le jardin et le solarium - Hotel Mediterraneo","description":"Le jardin, entour\u00e9 d'oliviers, est l'endroit id\u00e9al pour se d\u00e9tendre dans un bain et l'autre, sous l'ombre agr\u00e9able du poivre.","robots":{"index":"index","follow":"follow","max-snippet":"max-snippet:-1","max-image-preview":"max-image-preview:large","max-video-preview":"max-video-preview:-1"},"canonical":"https:\/\/hotelmedit.it\/fr\/hotel\/jardin\/","og_locale":"fr_FR","og_type":"article","og_title":"Le jardin et le solarium - Hotel Mediterraneo","og_description":"Le jardin, entour\u00e9 d'oliviers, est l'endroit id\u00e9al pour se d\u00e9tendre dans un bain et l'autre, sous l'ombre agr\u00e9able du poivre.","og_url":"https:\/\/hotelmedit.it\/fr\/hotel\/jardin\/","og_site_name":"Hotel Mediterraneo","article_publisher":"https:\/\/www.facebook.com\/hotelmediterraneolaigueglia\/","article_modified_time":"2024-01-12T15:24:18+00:00","og_image":[{"width":1920,"height":1280,"url":"https:\/\/hotelmedit.it\/wp-content\/uploads\/2016\/05\/Terrazza-39.jpg","type":"image\/jpeg"}],"twitter_card":"summary_large_image","schema":{"@context":"https:\/\/schema.org","@graph":[{"@type":"WebPage","@id":"https:\/\/hotelmedit.it\/fr\/hotel\/jardin\/","url":"https:\/\/hotelmedit.it\/fr\/hotel\/jardin\/","name":"Le jardin et le solarium - Hotel Mediterraneo","isPartOf":{"@id":"https:\/\/hotelmedit.it\/#website"},"datePublished":"2016-06-09T10:04:58+00:00","dateModified":"2024-01-12T15:24:18+00:00","description":"Le jardin, entour\u00e9 d'oliviers, est l'endroit id\u00e9al pour se d\u00e9tendre dans un bain et l'autre, sous l'ombre agr\u00e9able du poivre.","breadcrumb":{"@id":"https:\/\/hotelmedit.it\/fr\/hotel\/jardin\/#breadcrumb"},"inLanguage":"fr-FR","potentialAction":[{"@type":"ReadAction","target":["https:\/\/hotelmedit.it\/fr\/hotel\/jardin\/"]}]},{"@type":"BreadcrumbList","@id":"https:\/\/hotelmedit.it\/fr\/hotel\/jardin\/#breadcrumb","itemListElement":[{"@type":"ListItem","position":1,"name":"Home","item":"https:\/\/hotelmedit.it\/fr\/"},{"@type":"ListItem","position":2,"name":"H\u00f4tel","item":"https:\/\/hotelmedit.it\/fr\/hotel\/"},{"@type":"ListItem","position":3,"name":"Le jardin et le solarium"}]},{"@type":"WebSite","@id":"https:\/\/hotelmedit.it\/#website","url":"https:\/\/hotelmedit.it\/","name":"Hotel Mediterraneo","description":"Hotel Mediterraneo Laigueglia","publisher":{"@id":"https:\/\/hotelmedit.it\/#organization"},"potentialAction":[{"@type":"SearchAction","target":{"@type":"EntryPoint","urlTemplate":"https:\/\/hotelmedit.it\/?s={search_term_string}"},"query-input":{"@type":"PropertyValueSpecification","valueRequired":true,"valueName":"search_term_string"}}],"inLanguage":"fr-FR"},{"@type":"Organization","@id":"https:\/\/hotelmedit.it\/#organization","name":"Hotel Mediterraneo","url":"https:\/\/hotelmedit.it\/","logo":{"@type":"ImageObject","inLanguage":"fr-FR","@id":"https:\/\/hotelmedit.it\/#\/schema\/logo\/image\/","url":"https:\/\/hotelmedit.it\/wp-content\/uploads\/2016\/06\/mediterraneo_logo-bandiera.png","contentUrl":"https:\/\/hotelmedit.it\/wp-content\/uploads\/2016\/06\/mediterraneo_logo-bandiera.png","width":410,"height":315,"caption":"Hotel Mediterraneo"},"image":{"@id":"https:\/\/hotelmedit.it\/#\/schema\/logo\/image\/"},"sameAs":["https:\/\/www.facebook.com\/hotelmediterraneolaigueglia\/"]}]}},"_links":{"self":[{"href":"https:\/\/hotelmedit.it\/fr\/wp-json\/wp\/v2\/pages\/533","targetHints":{"allow":["GET"]}}],"collection":[{"href":"https:\/\/hotelmedit.it\/fr\/wp-json\/wp\/v2\/pages"}],"about":[{"href":"https:\/\/hotelmedit.it\/fr\/wp-json\/wp\/v2\/types\/page"}],"author":[{"embeddable":true,"href":"https:\/\/hotelmedit.it\/fr\/wp-json\/wp\/v2\/users\/4"}],"replies":[{"embeddable":true,"href":"https:\/\/hotelmedit.it\/fr\/wp-json\/wp\/v2\/comments?post=533"}],"version-history":[{"count":1,"href":"https:\/\/hotelmedit.it\/fr\/wp-json\/wp\/v2\/pages\/533\/revisions"}],"predecessor-version":[{"id":7653,"href":"https:\/\/hotelmedit.it\/fr\/wp-json\/wp\/v2\/pages\/533\/revisions\/7653"}],"up":[{"embeddable":true,"href":"https:\/\/hotelmedit.it\/fr\/wp-json\/wp\/v2\/pages\/531"}],"wp:attachment":[{"href":"https:\/\/hotelmedit.it\/fr\/wp-json\/wp\/v2\/media?parent=533"}],"curies":[{"name":"wp","href":"https:\/\/api.w.org\/{rel}","templated":true}]}}